{"id":11,"date":"2026-01-27T19:05:20","date_gmt":"2026-01-27T19:05:20","guid":{"rendered":"https:\/\/masterclassic.es\/?page_id=11"},"modified":"2026-02-08T14:39:19","modified_gmt":"2026-02-08T14:39:19","slug":"inicio","status":"publish","type":"page","link":"https:\/\/masterclassic.es\/","title":{"rendered":"Inicio"},"content":{"rendered":"\t\t<div data-elementor-type=\"wp-page\" data-elementor-id=\"11\" class=\"elementor elementor-11\" data-elementor-post-type=\"page\">\n\t\t\t\t<div class=\"elementor-element elementor-element-db2e62b e-flex e-con-boxed e-con e-parent\" data-id=\"db2e62b\" data-element_type=\"container\" data-settings=\"{&quot;background_background&quot;:&quot;classic&quot;}\">\n\t\t\t\t\t<div class=\"e-con-inner\">\n\t\t\t\t<div class=\"elementor-element elementor-element-05498c5 elementor-widget elementor-widget-heading\" data-id=\"05498c5\" data-element_type=\"widget\" data-widget_type=\"heading.default\">\n\t\t\t\t\t<h2 class=\"elementor-heading-title elementor-size-default\">Taller mec\u00e1nico en Empuriabrava con 30 a\u00f1os de experiencia<\/h2>\t\t\t\t<\/div>\n\t\t\t\t<div class=\"elementor-element elementor-element-46cd012 elementor-widget elementor-widget-text-editor\" data-id=\"46cd012\" data-element_type=\"widget\" data-widget_type=\"text-editor.default\">\n\t\t\t\t\t\t\t\t\t<p data-start=\"227\" data-end=\"512\">Somos con m\u00e1s de 30 a\u00f1os de experiencia en reparaci\u00f3n y mantenimiento de veh\u00edculos. Trabajamos con todas las marcas, ofreciendo un servicio profesional, atenci\u00f3n cercana y soluciones eficaces para que tu coche est\u00e9 siempre en las mejores condiciones.<\/p>\t\t\t\t\t\t\t\t<\/div>\n\t\t\t\t\t<\/div>\n\t\t\t\t<\/div>\n\t\t<div class=\"elementor-element elementor-element-229759c e-flex e-con-boxed e-con e-parent\" data-id=\"229759c\" data-element_type=\"container\">\n\t\t\t\t\t<div class=\"e-con-inner\">\n\t\t\t\t<div class=\"elementor-element elementor-element-faf2e13 elementor-widget__width-initial elementor-widget elementor-widget-heading\" data-id=\"faf2e13\" data-element_type=\"widget\" data-widget_type=\"heading.default\">\n\t\t\t\t\t<h2 class=\"elementor-heading-title elementor-size-default\">Servicios<\/h2>\t\t\t\t<\/div>\n\t\t\t\t\t<\/div>\n\t\t\t\t<\/div>\n\t\t<div class=\"elementor-element elementor-element-b508c0c e-con-full e-flex e-con e-parent\" data-id=\"b508c0c\" data-element_type=\"container\">\n\t\t<div class=\"elementor-element elementor-element-f80a213 e-con-full e-flex e-con e-child\" data-id=\"f80a213\" data-element_type=\"container\" data-settings=\"{&quot;background_background&quot;:&quot;classic&quot;}\">\n\t\t\t\t<div class=\"elementor-element elementor-element-0719271 elementor-widget elementor-widget-text-editor\" data-id=\"0719271\" data-element_type=\"widget\" data-widget_type=\"text-editor.default\">\n\t\t\t\t\t\t\t\t\t<p><span style=\"color: #ffffff;\"><a style=\"color: #ffffff;\" href=\"https:\/\/masterclassic.es\/index.php\/reparacion-de-motores-en-empuriabrava\/\">REPARACI\u00d3N DE MOTORES<\/a><\/span><\/p>\t\t\t\t\t\t\t\t<\/div>\n\t\t\t\t<\/div>\n\t\t<div class=\"elementor-element elementor-element-145c3ba e-con-full e-flex e-con e-child\" data-id=\"145c3ba\" data-element_type=\"container\" data-settings=\"{&quot;background_background&quot;:&quot;classic&quot;}\">\n\t\t\t\t<div class=\"elementor-element elementor-element-1487bed elementor-widget elementor-widget-text-editor\" data-id=\"1487bed\" data-element_type=\"widget\" data-widget_type=\"text-editor.default\">\n\t\t\t\t\t\t\t\t\t<p><span style=\"color: #ffffff;\"><a style=\"color: #ffffff;\" href=\"https:\/\/masterclassic.es\/index.php\/cambio-de-bateria-en-empuriabrava\/\">CAMBIO DE BATER\u00cdAS<\/a><\/span><\/p>\t\t\t\t\t\t\t\t<\/div>\n\t\t\t\t<\/div>\n\t\t<div class=\"elementor-element elementor-element-005d322 e-con-full e-flex e-con e-child\" data-id=\"005d322\" data-element_type=\"container\" data-settings=\"{&quot;background_background&quot;:&quot;classic&quot;}\">\n\t\t\t\t<div class=\"elementor-element elementor-element-41c8e34 elementor-widget elementor-widget-text-editor\" data-id=\"41c8e34\" data-element_type=\"widget\" data-widget_type=\"text-editor.default\">\n\t\t\t\t\t\t\t\t\t<p>REVISIONES Y MANTENIMIENTO<\/p>\t\t\t\t\t\t\t\t<\/div>\n\t\t\t\t<\/div>\n\t\t<div class=\"elementor-element elementor-element-caf8324 e-con-full e-flex e-con e-child\" data-id=\"caf8324\" data-element_type=\"container\" data-settings=\"{&quot;background_background&quot;:&quot;classic&quot;}\">\n\t\t\t\t<div class=\"elementor-element elementor-element-faac2dc elementor-widget elementor-widget-text-editor\" data-id=\"faac2dc\" data-element_type=\"widget\" data-widget_type=\"text-editor.default\">\n\t\t\t\t\t\t\t\t\t<p><span style=\"color: #ffffff;\"><a style=\"color: #ffffff;\" href=\"https:\/\/masterclassic.es\/index.php\/reparacion-de-frenos-en-empuriabrava\/\">FRENOS<\/a><\/span><\/p>\t\t\t\t\t\t\t\t<\/div>\n\t\t\t\t<\/div>\n\t\t\t\t<\/div>\n\t\t<div class=\"elementor-element elementor-element-6bca082 e-con-full e-flex e-con e-parent\" data-id=\"6bca082\" data-element_type=\"container\">\n\t\t<div class=\"elementor-element elementor-element-c594ce3 e-con-full e-flex e-con e-child\" data-id=\"c594ce3\" data-element_type=\"container\" data-settings=\"{&quot;background_background&quot;:&quot;classic&quot;}\">\n\t\t\t\t<div class=\"elementor-element elementor-element-e676b3d elementor-widget elementor-widget-text-editor\" data-id=\"e676b3d\" data-element_type=\"widget\" data-widget_type=\"text-editor.default\">\n\t\t\t\t\t\t\t\t\t<p><span style=\"color: #ffffff;\"><a style=\"color: #ffffff;\" href=\"https:\/\/masterclassic.es\/index.php\/cambio-de-embrague-en-empuriabrava\/\">EMBRAGUE<\/a><\/span><\/p>\t\t\t\t\t\t\t\t<\/div>\n\t\t\t\t<\/div>\n\t\t<div class=\"elementor-element elementor-element-06397ec e-con-full e-flex e-con e-child\" data-id=\"06397ec\" data-element_type=\"container\" data-settings=\"{&quot;background_background&quot;:&quot;classic&quot;}\">\n\t\t\t\t<div class=\"elementor-element elementor-element-a938550 elementor-widget elementor-widget-text-editor\" data-id=\"a938550\" data-element_type=\"widget\" data-widget_type=\"text-editor.default\">\n\t\t\t\t\t\t\t\t\t<p><a href=\"https:\/\/masterclassic.es\/index.php\/reparacion-de-caja-de-cambios-en-empuriabrava\/\"><span style=\"color: #ffffff;\">CAMBIO DE MARCHAS<\/span><\/a><\/p>\t\t\t\t\t\t\t\t<\/div>\n\t\t\t\t<\/div>\n\t\t<div class=\"elementor-element elementor-element-d517bf9 e-con-full e-flex e-con e-child\" data-id=\"d517bf9\" data-element_type=\"container\" data-settings=\"{&quot;background_background&quot;:&quot;classic&quot;}\">\n\t\t\t\t<div class=\"elementor-element elementor-element-a99580f elementor-widget elementor-widget-text-editor\" data-id=\"a99580f\" data-element_type=\"widget\" data-widget_type=\"text-editor.default\">\n\t\t\t\t\t\t\t\t\t<p><span style=\"color: #ffffff;\"><a style=\"color: #ffffff;\" href=\"https:\/\/masterclassic.es\/index.php\/cambio-de-amortiguadores-en-empuriabrava\/\">AMORTIGUADORES<\/a><\/span><\/p>\t\t\t\t\t\t\t\t<\/div>\n\t\t\t\t<\/div>\n\t\t<div class=\"elementor-element elementor-element-df79ea0 e-con-full e-flex e-con e-child\" data-id=\"df79ea0\" data-element_type=\"container\" data-settings=\"{&quot;background_background&quot;:&quot;classic&quot;}\">\n\t\t\t\t<div class=\"elementor-element elementor-element-b779eef elementor-widget elementor-widget-text-editor\" data-id=\"b779eef\" data-element_type=\"widget\" data-widget_type=\"text-editor.default\">\n\t\t\t\t\t\t\t\t\t<p><span style=\"color: #ffffff;\"><a style=\"color: #ffffff;\" href=\"https:\/\/masterclassic.es\/index.php\/reparacion-de-escape-en-empuriabrava\/\">ESCAPE<\/a><\/span><\/p>\t\t\t\t\t\t\t\t<\/div>\n\t\t\t\t<\/div>\n\t\t\t\t<\/div>\n\t\t<div class=\"elementor-element elementor-element-39bb5da e-flex e-con-boxed e-con e-parent\" data-id=\"39bb5da\" data-element_type=\"container\">\n\t\t\t\t\t<div class=\"e-con-inner\">\n\t\t<div class=\"elementor-element elementor-element-18c57f2 e-con-full e-flex e-con e-child\" data-id=\"18c57f2\" data-element_type=\"container\">\n\t\t\t\t<div class=\"elementor-element elementor-element-2f3774b elementor-widget elementor-widget-image\" data-id=\"2f3774b\" data-element_type=\"widget\" data-widget_type=\"image.default\">\n\t\t\t\t\t\t\t\t\t\t\t\t\t\t\t<img fetchpriority=\"high\" decoding=\"async\" width=\"800\" height=\"450\" src=\"https:\/\/masterclassic.es\/wp-content\/uploads\/2026\/01\/IMG-20170614-WA0007-1024x576.webp\" class=\"attachment-large size-large wp-image-73\" alt=\"Taller mec\u00e1nico en Empuriabrava\" srcset=\"https:\/\/masterclassic.es\/wp-content\/uploads\/2026\/01\/IMG-20170614-WA0007-1024x576.webp 1024w, https:\/\/masterclassic.es\/wp-content\/uploads\/2026\/01\/IMG-20170614-WA0007-300x169.webp 300w, https:\/\/masterclassic.es\/wp-content\/uploads\/2026\/01\/IMG-20170614-WA0007-768x432.webp 768w, https:\/\/masterclassic.es\/wp-content\/uploads\/2026\/01\/IMG-20170614-WA0007.webp 1328w\" sizes=\"(max-width: 800px) 100vw, 800px\" \/>\t\t\t\t\t\t\t\t\t\t\t\t\t\t\t<\/div>\n\t\t\t\t<\/div>\n\t\t<div class=\"elementor-element elementor-element-b36630e e-con-full e-flex e-con e-child\" data-id=\"b36630e\" data-element_type=\"container\" data-settings=\"{&quot;background_background&quot;:&quot;classic&quot;}\">\n\t\t\t\t<div class=\"elementor-element elementor-element-33ea352 elementor-widget__width-inherit elementor-widget elementor-widget-heading\" data-id=\"33ea352\" data-element_type=\"widget\" data-widget_type=\"heading.default\">\n\t\t\t\t\t<h2 class=\"elementor-heading-title elementor-size-default\">Servicio profesional de mec\u00e1nica para el cuidado total de tu veh\u00edculo<\/h2>\t\t\t\t<\/div>\n\t\t\t\t<div class=\"elementor-element elementor-element-adc7c76 elementor-widget elementor-widget-text-editor\" data-id=\"adc7c76\" data-element_type=\"widget\" data-widget_type=\"text-editor.default\">\n\t\t\t\t\t\t\t\t\t<p data-start=\"618\" data-end=\"1033\">En nuestro taller mec\u00e1nico en Empuriabrava realizamos diagn\u00f3sticos precisos, reparaci\u00f3n de motores gasolina y di\u00e9sel, mantenimiento preventivo, cambio de piezas y revisi\u00f3n de los principales sistemas del autom\u00f3vil. Contamos con personal especializado, herramientas de \u00faltima generaci\u00f3n y la experiencia necesaria para garantizar trabajos duraderos, precios justos y la seguridad de que tu veh\u00edculo rinda como nuevo.<\/p>\t\t\t\t\t\t\t\t<\/div>\n\t\t\t\t<\/div>\n\t\t\t\t\t<\/div>\n\t\t\t\t<\/div>\n\t\t\t\t<\/div>\n\t\t","protected":false},"excerpt":{"rendered":"<p>Taller mec\u00e1nico en Empuriabrava con 30 a\u00f1os de experiencia Somos con m\u00e1s de 30 a\u00f1os de experiencia en reparaci\u00f3n y mantenimiento de veh\u00edculos. Trabajamos con todas las marcas, ofreciendo un servicio profesional, atenci\u00f3n cercana y soluciones eficaces para que tu coche est\u00e9 siempre en las mejores condiciones. Servicios REPARACI\u00d3N DE MOTORES CAMBIO DE BATER\u00cdAS REVISIONES [&hellip;]<\/p>\n","protected":false},"author":1,"featured_media":0,"parent":0,"menu_order":0,"comment_status":"closed","ping_status":"closed","template":"elementor_header_footer","meta":{"_joinchat":[],"footnotes":""},"class_list":["post-11","page","type-page","status-publish","hentry"],"yoast_head":"<!-- This site is optimized with the Yoast SEO plugin v26.8 - https:\/\/yoast.com\/product\/yoast-seo-wordpress\/ -->\n<title>Taller mec\u00e1nico en Empuriabrava | Master Classic<\/title>\n<meta name=\"description\" content=\"Taller mec\u00e1nico en Empuriabrava con 30 a\u00f1os de experiencia en reparaci\u00f3n, mantenimiento y mec\u00e1nica general de autom\u00f3viles.\" \/>\n<meta name=\"robots\" content=\"index, follow, max-snippet:-1, max-image-preview:large, max-video-preview:-1\" \/>\n<link rel=\"canonical\" href=\"https:\/\/masterclassic.es\/\" \/>\n<meta property=\"og:locale\" content=\"es_ES\" \/>\n<meta property=\"og:type\" content=\"article\" \/>\n<meta property=\"og:title\" content=\"Taller mec\u00e1nico en Empuriabrava | Master Classic\" \/>\n<meta property=\"og:description\" content=\"Taller mec\u00e1nico en Empuriabrava con 30 a\u00f1os de experiencia en reparaci\u00f3n, mantenimiento y mec\u00e1nica general de autom\u00f3viles.\" \/>\n<meta property=\"og:url\" content=\"https:\/\/masterclassic.es\/\" \/>\n<meta property=\"og:site_name\" content=\"Taller mec\u00e1nico master classic\" \/>\n<meta property=\"article:modified_time\" content=\"2026-02-08T14:39:19+00:00\" \/>\n<meta property=\"og:image\" content=\"https:\/\/masterclassic.es\/wp-content\/uploads\/2026\/01\/IMG-20170614-WA0007.webp\" \/>\n\t<meta property=\"og:image:width\" content=\"1328\" \/>\n\t<meta property=\"og:image:height\" content=\"747\" \/>\n\t<meta property=\"og:image:type\" content=\"image\/webp\" \/>\n<meta name=\"twitter:card\" content=\"summary_large_image\" \/>\n<meta name=\"twitter:label1\" content=\"Tiempo de lectura\" \/>\n\t<meta name=\"twitter:data1\" content=\"1 minuto\" \/>\n<script type=\"application\/ld+json\" class=\"yoast-schema-graph\">{\"@context\":\"https:\/\/schema.org\",\"@graph\":[{\"@type\":\"WebPage\",\"@id\":\"https:\/\/masterclassic.es\/\",\"url\":\"https:\/\/masterclassic.es\/\",\"name\":\"Taller mec\u00e1nico en Empuriabrava | Master Classic\",\"isPartOf\":{\"@id\":\"https:\/\/masterclassic.es\/#website\"},\"primaryImageOfPage\":{\"@id\":\"https:\/\/masterclassic.es\/#primaryimage\"},\"image\":{\"@id\":\"https:\/\/masterclassic.es\/#primaryimage\"},\"thumbnailUrl\":\"https:\/\/masterclassic.es\/wp-content\/uploads\/2026\/01\/IMG-20170614-WA0007-1024x576.webp\",\"datePublished\":\"2026-01-27T19:05:20+00:00\",\"dateModified\":\"2026-02-08T14:39:19+00:00\",\"description\":\"Taller mec\u00e1nico en Empuriabrava con 30 a\u00f1os de experiencia en reparaci\u00f3n, mantenimiento y mec\u00e1nica general de autom\u00f3viles.\",\"breadcrumb\":{\"@id\":\"https:\/\/masterclassic.es\/#breadcrumb\"},\"inLanguage\":\"es\",\"potentialAction\":[{\"@type\":\"ReadAction\",\"target\":[\"https:\/\/masterclassic.es\/\"]}]},{\"@type\":\"ImageObject\",\"inLanguage\":\"es\",\"@id\":\"https:\/\/masterclassic.es\/#primaryimage\",\"url\":\"https:\/\/masterclassic.es\/wp-content\/uploads\/2026\/01\/IMG-20170614-WA0007.webp\",\"contentUrl\":\"https:\/\/masterclassic.es\/wp-content\/uploads\/2026\/01\/IMG-20170614-WA0007.webp\",\"width\":1328,\"height\":747,\"caption\":\"Taller mec\u00e1nico en Empuriabrava\"},{\"@type\":\"BreadcrumbList\",\"@id\":\"https:\/\/masterclassic.es\/#breadcrumb\",\"itemListElement\":[{\"@type\":\"ListItem\",\"position\":1,\"name\":\"Portada\",\"item\":\"https:\/\/masterclassic.es\/\"},{\"@type\":\"ListItem\",\"position\":2,\"name\":\"Inicio\"}]},{\"@type\":\"WebSite\",\"@id\":\"https:\/\/masterclassic.es\/#website\",\"url\":\"https:\/\/masterclassic.es\/\",\"name\":\"Taller mec\u00e1nico master classic\",\"description\":\"\",\"potentialAction\":[{\"@type\":\"SearchAction\",\"target\":{\"@type\":\"EntryPoint\",\"urlTemplate\":\"https:\/\/masterclassic.es\/?s={search_term_string}\"},\"query-input\":{\"@type\":\"PropertyValueSpecification\",\"valueRequired\":true,\"valueName\":\"search_term_string\"}}],\"inLanguage\":\"es\"}]}<\/script>\n<!-- \/ Yoast SEO plugin. -->","yoast_head_json":{"title":"Taller mec\u00e1nico en Empuriabrava | Master Classic","description":"Taller mec\u00e1nico en Empuriabrava con 30 a\u00f1os de experiencia en reparaci\u00f3n, mantenimiento y mec\u00e1nica general de autom\u00f3viles.","robots":{"index":"index","follow":"follow","max-snippet":"max-snippet:-1","max-image-preview":"max-image-preview:large","max-video-preview":"max-video-preview:-1"},"canonical":"https:\/\/masterclassic.es\/","og_locale":"es_ES","og_type":"article","og_title":"Taller mec\u00e1nico en Empuriabrava | Master Classic","og_description":"Taller mec\u00e1nico en Empuriabrava con 30 a\u00f1os de experiencia en reparaci\u00f3n, mantenimiento y mec\u00e1nica general de autom\u00f3viles.","og_url":"https:\/\/masterclassic.es\/","og_site_name":"Taller mec\u00e1nico master classic","article_modified_time":"2026-02-08T14:39:19+00:00","og_image":[{"width":1328,"height":747,"url":"https:\/\/masterclassic.es\/wp-content\/uploads\/2026\/01\/IMG-20170614-WA0007.webp","type":"image\/webp"}],"twitter_card":"summary_large_image","twitter_misc":{"Tiempo de lectura":"1 minuto"},"schema":{"@context":"https:\/\/schema.org","@graph":[{"@type":"WebPage","@id":"https:\/\/masterclassic.es\/","url":"https:\/\/masterclassic.es\/","name":"Taller mec\u00e1nico en Empuriabrava | Master Classic","isPartOf":{"@id":"https:\/\/masterclassic.es\/#website"},"primaryImageOfPage":{"@id":"https:\/\/masterclassic.es\/#primaryimage"},"image":{"@id":"https:\/\/masterclassic.es\/#primaryimage"},"thumbnailUrl":"https:\/\/masterclassic.es\/wp-content\/uploads\/2026\/01\/IMG-20170614-WA0007-1024x576.webp","datePublished":"2026-01-27T19:05:20+00:00","dateModified":"2026-02-08T14:39:19+00:00","description":"Taller mec\u00e1nico en Empuriabrava con 30 a\u00f1os de experiencia en reparaci\u00f3n, mantenimiento y mec\u00e1nica general de autom\u00f3viles.","breadcrumb":{"@id":"https:\/\/masterclassic.es\/#breadcrumb"},"inLanguage":"es","potentialAction":[{"@type":"ReadAction","target":["https:\/\/masterclassic.es\/"]}]},{"@type":"ImageObject","inLanguage":"es","@id":"https:\/\/masterclassic.es\/#primaryimage","url":"https:\/\/masterclassic.es\/wp-content\/uploads\/2026\/01\/IMG-20170614-WA0007.webp","contentUrl":"https:\/\/masterclassic.es\/wp-content\/uploads\/2026\/01\/IMG-20170614-WA0007.webp","width":1328,"height":747,"caption":"Taller mec\u00e1nico en Empuriabrava"},{"@type":"BreadcrumbList","@id":"https:\/\/masterclassic.es\/#breadcrumb","itemListElement":[{"@type":"ListItem","position":1,"name":"Portada","item":"https:\/\/masterclassic.es\/"},{"@type":"ListItem","position":2,"name":"Inicio"}]},{"@type":"WebSite","@id":"https:\/\/masterclassic.es\/#website","url":"https:\/\/masterclassic.es\/","name":"Taller mec\u00e1nico master classic","description":"","potentialAction":[{"@type":"SearchAction","target":{"@type":"EntryPoint","urlTemplate":"https:\/\/masterclassic.es\/?s={search_term_string}"},"query-input":{"@type":"PropertyValueSpecification","valueRequired":true,"valueName":"search_term_string"}}],"inLanguage":"es"}]}},"_links":{"self":[{"href":"https:\/\/masterclassic.es\/index.php\/wp-json\/wp\/v2\/pages\/11","targetHints":{"allow":["GET"]}}],"collection":[{"href":"https:\/\/masterclassic.es\/index.php\/wp-json\/wp\/v2\/pages"}],"about":[{"href":"https:\/\/masterclassic.es\/index.php\/wp-json\/wp\/v2\/types\/page"}],"author":[{"embeddable":true,"href":"https:\/\/masterclassic.es\/index.php\/wp-json\/wp\/v2\/users\/1"}],"replies":[{"embeddable":true,"href":"https:\/\/masterclassic.es\/index.php\/wp-json\/wp\/v2\/comments?post=11"}],"version-history":[{"count":31,"href":"https:\/\/masterclassic.es\/index.php\/wp-json\/wp\/v2\/pages\/11\/revisions"}],"predecessor-version":[{"id":259,"href":"https:\/\/masterclassic.es\/index.php\/wp-json\/wp\/v2\/pages\/11\/revisions\/259"}],"wp:attachment":[{"href":"https:\/\/masterclassic.es\/index.php\/wp-json\/wp\/v2\/media?parent=11"}],"curies":[{"name":"wp","href":"https:\/\/api.w.org\/{rel}","templated":true}]}}