{"id":20,"date":"2026-01-27T19:19:06","date_gmt":"2026-01-27T19:19:06","guid":{"rendered":"https:\/\/masterclassic.es\/?page_id=20"},"modified":"2026-01-31T15:49:59","modified_gmt":"2026-01-31T15:49:59","slug":"cambio-de-bateria-en-empuriabrava","status":"publish","type":"page","link":"https:\/\/masterclassic.es\/index.php\/cambio-de-bateria-en-empuriabrava\/","title":{"rendered":"Cambio de bater\u00eda"},"content":{"rendered":"\t\t<div data-elementor-type=\"wp-page\" data-elementor-id=\"20\" class=\"elementor elementor-20\" data-elementor-post-type=\"page\">\n\t\t\t\t<div class=\"elementor-element elementor-element-72934e2c e-flex e-con-boxed e-con e-parent\" data-id=\"72934e2c\" data-element_type=\"container\" data-settings=\"{&quot;background_background&quot;:&quot;classic&quot;}\">\n\t\t\t\t\t<div class=\"e-con-inner\">\n\t\t\t\t<div class=\"elementor-element elementor-element-42532312 elementor-widget elementor-widget-heading\" data-id=\"42532312\" data-element_type=\"widget\" data-widget_type=\"heading.default\">\n\t\t\t\t\t<h1 class=\"elementor-heading-title elementor-size-default\">Cambio de bater\u00eda en Empuriabrava r\u00e1pido y seguro<\/h1>\t\t\t\t<\/div>\n\t\t\t\t<div class=\"elementor-element elementor-element-1cc708d6 elementor-widget elementor-widget-text-editor\" data-id=\"1cc708d6\" data-element_type=\"widget\" data-widget_type=\"text-editor.default\">\n\t\t\t\t\t\t\t\t\t<p data-start=\"1530\" data-end=\"1714\">Sustituimos bater\u00edas agotadas o defectuosas evitando problemas de arranque y fallos el\u00e9ctricos. Trabajamos con modelos de alta calidad compatibles con cada veh\u00edculo.<\/p>\t\t\t\t\t\t\t\t<\/div>\n\t\t\t\t\t<\/div>\n\t\t\t\t<\/div>\n\t\t<div class=\"elementor-element elementor-element-39a2fe6e e-flex e-con-boxed e-con e-parent\" data-id=\"39a2fe6e\" data-element_type=\"container\">\n\t\t\t\t\t<div class=\"e-con-inner\">\n\t\t\t\t<div class=\"elementor-element elementor-element-53dc4d0 elementor-widget__width-initial elementor-widget elementor-widget-heading\" data-id=\"53dc4d0\" data-element_type=\"widget\" data-widget_type=\"heading.default\">\n\t\t\t\t\t<h2 class=\"elementor-heading-title elementor-size-default\">Servicio de cambio de bater\u00eda en Empuriabrava con revisi\u00f3n el\u00e9ctrica incluida<\/h2>\t\t\t\t<\/div>\n\t\t\t\t\t<\/div>\n\t\t\t\t<\/div>\n\t\t<div class=\"elementor-element elementor-element-1273072 e-flex e-con-boxed e-con e-parent\" data-id=\"1273072\" data-element_type=\"container\">\n\t\t\t\t\t<div class=\"e-con-inner\">\n\t\t<div class=\"elementor-element elementor-element-271b21a8 e-con-full e-flex e-con e-child\" data-id=\"271b21a8\" data-element_type=\"container\">\n\t\t\t\t<div class=\"elementor-element elementor-element-6e638267 elementor-widget elementor-widget-image\" data-id=\"6e638267\" data-element_type=\"widget\" data-widget_type=\"image.default\">\n\t\t\t\t\t\t\t\t\t\t\t\t\t\t\t<img fetchpriority=\"high\" decoding=\"async\" width=\"800\" height=\"535\" src=\"https:\/\/masterclassic.es\/wp-content\/uploads\/2026\/01\/87WyjYXaByBi3csK2v5rnwRKOL0xTNrApYbjqAOJ-1024x685.jpg\" class=\"attachment-large size-large wp-image-178\" alt=\"\" srcset=\"https:\/\/masterclassic.es\/wp-content\/uploads\/2026\/01\/87WyjYXaByBi3csK2v5rnwRKOL0xTNrApYbjqAOJ-1024x685.jpg 1024w, https:\/\/masterclassic.es\/wp-content\/uploads\/2026\/01\/87WyjYXaByBi3csK2v5rnwRKOL0xTNrApYbjqAOJ-300x201.jpg 300w, https:\/\/masterclassic.es\/wp-content\/uploads\/2026\/01\/87WyjYXaByBi3csK2v5rnwRKOL0xTNrApYbjqAOJ-768x514.jpg 768w, https:\/\/masterclassic.es\/wp-content\/uploads\/2026\/01\/87WyjYXaByBi3csK2v5rnwRKOL0xTNrApYbjqAOJ.jpg 1400w\" sizes=\"(max-width: 800px) 100vw, 800px\" \/>\t\t\t\t\t\t\t\t\t\t\t\t\t\t\t<\/div>\n\t\t\t\t<\/div>\n\t\t<div class=\"elementor-element elementor-element-70daaea4 e-con-full e-flex e-con e-child\" data-id=\"70daaea4\" data-element_type=\"container\" data-settings=\"{&quot;background_background&quot;:&quot;classic&quot;}\">\n\t\t\t\t<div class=\"elementor-element elementor-element-1820ce75 elementor-widget elementor-widget-text-editor\" data-id=\"1820ce75\" data-element_type=\"widget\" data-widget_type=\"text-editor.default\">\n\t\t\t\t\t\t\t\t\t<p data-start=\"1808\" data-end=\"2150\">Comprobamos el sistema de carga, el alternador y la instalaci\u00f3n el\u00e9ctrica para asegurar un funcionamiento estable. Una bater\u00eda en buen estado protege los sistemas electr\u00f3nicos, evita imprevistos y garantiza un arranque fiable en cualquier momento. Nuestro servicio es r\u00e1pido, profesional y orientado a ofrecer m\u00e1xima seguridad.<\/p>\t\t\t\t\t\t\t\t<\/div>\n\t\t\t\t<div class=\"elementor-element elementor-element-3bfe30a7 elementor-widget elementor-widget-text-editor\" data-id=\"3bfe30a7\" data-element_type=\"widget\" data-widget_type=\"text-editor.default\">\n\t\t\t\t\t\t\t\t\t<ul><li data-start=\"2168\" data-end=\"2195\"><p data-start=\"2170\" data-end=\"2195\">Instalaci\u00f3n profesional<\/p><\/li><li data-start=\"2196\" data-end=\"2219\"><p data-start=\"2198\" data-end=\"2219\">Bater\u00edas de calidad<\/p><\/li><li data-start=\"2220\" data-end=\"2254\"><p data-start=\"2222\" data-end=\"2254\">Revisi\u00f3n del sistema el\u00e9ctrico<\/p><\/li><li data-start=\"2255\" data-end=\"2284\"><p data-start=\"2257\" data-end=\"2284\">Evita aver\u00edas inesperadas<\/p><\/li><li data-start=\"2285\" data-end=\"2318\"><p data-start=\"2287\" data-end=\"2318\">Mayor fiabilidad del veh\u00edculo<\/p><\/li><\/ul>\t\t\t\t\t\t\t\t<\/div>\n\t\t\t\t<\/div>\n\t\t\t\t\t<\/div>\n\t\t\t\t<\/div>\n\t\t<div class=\"elementor-element elementor-element-6409ed88 e-flex e-con-boxed e-con e-parent\" data-id=\"6409ed88\" data-element_type=\"container\" data-settings=\"{&quot;background_background&quot;:&quot;gradient&quot;}\">\n\t\t\t\t\t<div class=\"e-con-inner\">\n\t\t<div class=\"elementor-element elementor-element-5a388d8a e-con-full e-flex e-con e-child\" data-id=\"5a388d8a\" data-element_type=\"container\">\n\t\t\t\t<div class=\"elementor-element elementor-element-5f5159a6 elementor-widget__width-inherit elementor-widget elementor-widget-heading\" data-id=\"5f5159a6\" data-element_type=\"widget\" data-widget_type=\"heading.default\">\n\t\t\t\t\t<h2 class=\"elementor-heading-title elementor-size-default\">Tu veh\u00edculo merece un servicio experto y sin complicaciones<\/h2>\t\t\t\t<\/div>\n\t\t\t\t<div class=\"elementor-element elementor-element-15642eae elementor-widget elementor-widget-text-editor\" data-id=\"15642eae\" data-element_type=\"widget\" data-widget_type=\"text-editor.default\">\n\t\t\t\t\t\t\t\t\t<p data-start=\"162\" data-end=\"367\">Agenda tu cita hoy y deja tu coche en manos de profesionales. Diagn\u00f3stico preciso, soluciones claras y un servicio pensado para que vuelvas a conducir con total seguridad y tranquilidad.<\/p>\t\t\t\t\t\t\t\t<\/div>\n\t\t\t\t<\/div>\n\t\t<div class=\"elementor-element elementor-element-25034974 e-con-full e-flex e-con e-child\" data-id=\"25034974\" data-element_type=\"container\">\n\t\t\t\t<div class=\"elementor-element elementor-element-420f6813 elementor-widget elementor-widget-button\" data-id=\"420f6813\" data-element_type=\"widget\" data-widget_type=\"button.default\">\n\t\t\t\t\t\t\t\t\t\t<a class=\"elementor-button elementor-button-link elementor-size-sm\" href=\"https:\/\/wa.me\/34972452004\">\n\t\t\t\t\t\t<span class=\"elementor-button-content-wrapper\">\n\t\t\t\t\t\t\t\t\t<span class=\"elementor-button-text\">\u00a1Cont\u00e1ctanos!<\/span>\n\t\t\t\t\t<\/span>\n\t\t\t\t\t<\/a>\n\t\t\t\t\t\t\t\t<\/div>\n\t\t\t\t<\/div>\n\t\t\t\t\t<\/div>\n\t\t\t\t<\/div>\n\t\t\t\t<\/div>\n\t\t","protected":false},"excerpt":{"rendered":"<p>Cambio de bater\u00eda en Empuriabrava r\u00e1pido y seguro Sustituimos bater\u00edas agotadas o defectuosas evitando problemas de arranque y fallos el\u00e9ctricos. Trabajamos con modelos de alta calidad compatibles con cada veh\u00edculo. Servicio de cambio de bater\u00eda en Empuriabrava con revisi\u00f3n el\u00e9ctrica incluida Comprobamos el sistema de carga, el alternador y la instalaci\u00f3n el\u00e9ctrica para asegurar un [&hellip;]<\/p>\n","protected":false},"author":1,"featured_media":0,"parent":0,"menu_order":0,"comment_status":"closed","ping_status":"closed","template":"elementor_header_footer","meta":{"_joinchat":[],"footnotes":""},"class_list":["post-20","page","type-page","status-publish","hentry"],"yoast_head":"<!-- This site is optimized with the Yoast SEO plugin v26.8 - https:\/\/yoast.com\/product\/yoast-seo-wordpress\/ -->\n<title>Cambio de bater\u00eda en Empuriabrava | Servicio r\u00e1pido<\/title>\n<meta name=\"description\" content=\"Cambio de bater\u00eda en Empuriabrava para todo tipo de veh\u00edculos. Instalaci\u00f3n r\u00e1pida y bater\u00edas de calidad garantizada.\" \/>\n<meta name=\"robots\" content=\"index, follow, max-snippet:-1, max-image-preview:large, max-video-preview:-1\" \/>\n<link rel=\"canonical\" href=\"https:\/\/masterclassic.es\/index.php\/cambio-de-bateria-en-empuriabrava\/\" \/>\n<meta property=\"og:locale\" content=\"es_ES\" \/>\n<meta property=\"og:type\" content=\"article\" \/>\n<meta property=\"og:title\" content=\"Cambio de bater\u00eda en Empuriabrava | Servicio r\u00e1pido\" \/>\n<meta property=\"og:description\" content=\"Cambio de bater\u00eda en Empuriabrava para todo tipo de veh\u00edculos. Instalaci\u00f3n r\u00e1pida y bater\u00edas de calidad garantizada.\" \/>\n<meta property=\"og:url\" content=\"https:\/\/masterclassic.es\/index.php\/cambio-de-bateria-en-empuriabrava\/\" \/>\n<meta property=\"og:site_name\" content=\"Taller mec\u00e1nico master classic\" \/>\n<meta property=\"article:modified_time\" content=\"2026-01-31T15:49:59+00:00\" \/>\n<meta property=\"og:image\" content=\"https:\/\/masterclassic.es\/wp-content\/uploads\/2026\/01\/87WyjYXaByBi3csK2v5rnwRKOL0xTNrApYbjqAOJ-1024x685.jpg\" \/>\n<meta name=\"twitter:card\" content=\"summary_large_image\" \/>\n<meta name=\"twitter:label1\" content=\"Tiempo de lectura\" \/>\n\t<meta name=\"twitter:data1\" content=\"1 minuto\" \/>\n<script type=\"application\/ld+json\" class=\"yoast-schema-graph\">{\"@context\":\"https:\/\/schema.org\",\"@graph\":[{\"@type\":\"WebPage\",\"@id\":\"https:\/\/masterclassic.es\/index.php\/cambio-de-bateria-en-empuriabrava\/\",\"url\":\"https:\/\/masterclassic.es\/index.php\/cambio-de-bateria-en-empuriabrava\/\",\"name\":\"Cambio de bater\u00eda en Empuriabrava | Servicio r\u00e1pido\",\"isPartOf\":{\"@id\":\"https:\/\/masterclassic.es\/#website\"},\"primaryImageOfPage\":{\"@id\":\"https:\/\/masterclassic.es\/index.php\/cambio-de-bateria-en-empuriabrava\/#primaryimage\"},\"image\":{\"@id\":\"https:\/\/masterclassic.es\/index.php\/cambio-de-bateria-en-empuriabrava\/#primaryimage\"},\"thumbnailUrl\":\"https:\/\/masterclassic.es\/wp-content\/uploads\/2026\/01\/87WyjYXaByBi3csK2v5rnwRKOL0xTNrApYbjqAOJ-1024x685.jpg\",\"datePublished\":\"2026-01-27T19:19:06+00:00\",\"dateModified\":\"2026-01-31T15:49:59+00:00\",\"description\":\"Cambio de bater\u00eda en Empuriabrava para todo tipo de veh\u00edculos. Instalaci\u00f3n r\u00e1pida y bater\u00edas de calidad garantizada.\",\"breadcrumb\":{\"@id\":\"https:\/\/masterclassic.es\/index.php\/cambio-de-bateria-en-empuriabrava\/#breadcrumb\"},\"inLanguage\":\"es\",\"potentialAction\":[{\"@type\":\"ReadAction\",\"target\":[\"https:\/\/masterclassic.es\/index.php\/cambio-de-bateria-en-empuriabrava\/\"]}]},{\"@type\":\"ImageObject\",\"inLanguage\":\"es\",\"@id\":\"https:\/\/masterclassic.es\/index.php\/cambio-de-bateria-en-empuriabrava\/#primaryimage\",\"url\":\"https:\/\/masterclassic.es\/wp-content\/uploads\/2026\/01\/87WyjYXaByBi3csK2v5rnwRKOL0xTNrApYbjqAOJ.jpg\",\"contentUrl\":\"https:\/\/masterclassic.es\/wp-content\/uploads\/2026\/01\/87WyjYXaByBi3csK2v5rnwRKOL0xTNrApYbjqAOJ.jpg\",\"width\":1400,\"height\":937,\"caption\":\"A car mechanic replaces a battery.\"},{\"@type\":\"BreadcrumbList\",\"@id\":\"https:\/\/masterclassic.es\/index.php\/cambio-de-bateria-en-empuriabrava\/#breadcrumb\",\"itemListElement\":[{\"@type\":\"ListItem\",\"position\":1,\"name\":\"Portada\",\"item\":\"https:\/\/masterclassic.es\/\"},{\"@type\":\"ListItem\",\"position\":2,\"name\":\"Cambio de bater\u00eda\"}]},{\"@type\":\"WebSite\",\"@id\":\"https:\/\/masterclassic.es\/#website\",\"url\":\"https:\/\/masterclassic.es\/\",\"name\":\"Taller mec\u00e1nico master classic\",\"description\":\"\",\"potentialAction\":[{\"@type\":\"SearchAction\",\"target\":{\"@type\":\"EntryPoint\",\"urlTemplate\":\"https:\/\/masterclassic.es\/?s={search_term_string}\"},\"query-input\":{\"@type\":\"PropertyValueSpecification\",\"valueRequired\":true,\"valueName\":\"search_term_string\"}}],\"inLanguage\":\"es\"}]}<\/script>\n<!-- \/ Yoast SEO plugin. -->","yoast_head_json":{"title":"Cambio de bater\u00eda en Empuriabrava | Servicio r\u00e1pido","description":"Cambio de bater\u00eda en Empuriabrava para todo tipo de veh\u00edculos. Instalaci\u00f3n r\u00e1pida y bater\u00edas de calidad garantizada.","robots":{"index":"index","follow":"follow","max-snippet":"max-snippet:-1","max-image-preview":"max-image-preview:large","max-video-preview":"max-video-preview:-1"},"canonical":"https:\/\/masterclassic.es\/index.php\/cambio-de-bateria-en-empuriabrava\/","og_locale":"es_ES","og_type":"article","og_title":"Cambio de bater\u00eda en Empuriabrava | Servicio r\u00e1pido","og_description":"Cambio de bater\u00eda en Empuriabrava para todo tipo de veh\u00edculos. Instalaci\u00f3n r\u00e1pida y bater\u00edas de calidad garantizada.","og_url":"https:\/\/masterclassic.es\/index.php\/cambio-de-bateria-en-empuriabrava\/","og_site_name":"Taller mec\u00e1nico master classic","article_modified_time":"2026-01-31T15:49:59+00:00","og_image":[{"url":"https:\/\/masterclassic.es\/wp-content\/uploads\/2026\/01\/87WyjYXaByBi3csK2v5rnwRKOL0xTNrApYbjqAOJ-1024x685.jpg","type":"","width":"","height":""}],"twitter_card":"summary_large_image","twitter_misc":{"Tiempo de lectura":"1 minuto"},"schema":{"@context":"https:\/\/schema.org","@graph":[{"@type":"WebPage","@id":"https:\/\/masterclassic.es\/index.php\/cambio-de-bateria-en-empuriabrava\/","url":"https:\/\/masterclassic.es\/index.php\/cambio-de-bateria-en-empuriabrava\/","name":"Cambio de bater\u00eda en Empuriabrava | Servicio r\u00e1pido","isPartOf":{"@id":"https:\/\/masterclassic.es\/#website"},"primaryImageOfPage":{"@id":"https:\/\/masterclassic.es\/index.php\/cambio-de-bateria-en-empuriabrava\/#primaryimage"},"image":{"@id":"https:\/\/masterclassic.es\/index.php\/cambio-de-bateria-en-empuriabrava\/#primaryimage"},"thumbnailUrl":"https:\/\/masterclassic.es\/wp-content\/uploads\/2026\/01\/87WyjYXaByBi3csK2v5rnwRKOL0xTNrApYbjqAOJ-1024x685.jpg","datePublished":"2026-01-27T19:19:06+00:00","dateModified":"2026-01-31T15:49:59+00:00","description":"Cambio de bater\u00eda en Empuriabrava para todo tipo de veh\u00edculos. Instalaci\u00f3n r\u00e1pida y bater\u00edas de calidad garantizada.","breadcrumb":{"@id":"https:\/\/masterclassic.es\/index.php\/cambio-de-bateria-en-empuriabrava\/#breadcrumb"},"inLanguage":"es","potentialAction":[{"@type":"ReadAction","target":["https:\/\/masterclassic.es\/index.php\/cambio-de-bateria-en-empuriabrava\/"]}]},{"@type":"ImageObject","inLanguage":"es","@id":"https:\/\/masterclassic.es\/index.php\/cambio-de-bateria-en-empuriabrava\/#primaryimage","url":"https:\/\/masterclassic.es\/wp-content\/uploads\/2026\/01\/87WyjYXaByBi3csK2v5rnwRKOL0xTNrApYbjqAOJ.jpg","contentUrl":"https:\/\/masterclassic.es\/wp-content\/uploads\/2026\/01\/87WyjYXaByBi3csK2v5rnwRKOL0xTNrApYbjqAOJ.jpg","width":1400,"height":937,"caption":"A car mechanic replaces a battery."},{"@type":"BreadcrumbList","@id":"https:\/\/masterclassic.es\/index.php\/cambio-de-bateria-en-empuriabrava\/#breadcrumb","itemListElement":[{"@type":"ListItem","position":1,"name":"Portada","item":"https:\/\/masterclassic.es\/"},{"@type":"ListItem","position":2,"name":"Cambio de bater\u00eda"}]},{"@type":"WebSite","@id":"https:\/\/masterclassic.es\/#website","url":"https:\/\/masterclassic.es\/","name":"Taller mec\u00e1nico master classic","description":"","potentialAction":[{"@type":"SearchAction","target":{"@type":"EntryPoint","urlTemplate":"https:\/\/masterclassic.es\/?s={search_term_string}"},"query-input":{"@type":"PropertyValueSpecification","valueRequired":true,"valueName":"search_term_string"}}],"inLanguage":"es"}]}},"_links":{"self":[{"href":"https:\/\/masterclassic.es\/index.php\/wp-json\/wp\/v2\/pages\/20","targetHints":{"allow":["GET"]}}],"collection":[{"href":"https:\/\/masterclassic.es\/index.php\/wp-json\/wp\/v2\/pages"}],"about":[{"href":"https:\/\/masterclassic.es\/index.php\/wp-json\/wp\/v2\/types\/page"}],"author":[{"embeddable":true,"href":"https:\/\/masterclassic.es\/index.php\/wp-json\/wp\/v2\/users\/1"}],"replies":[{"embeddable":true,"href":"https:\/\/masterclassic.es\/index.php\/wp-json\/wp\/v2\/comments?post=20"}],"version-history":[{"count":7,"href":"https:\/\/masterclassic.es\/index.php\/wp-json\/wp\/v2\/pages\/20\/revisions"}],"predecessor-version":[{"id":181,"href":"https:\/\/masterclassic.es\/index.php\/wp-json\/wp\/v2\/pages\/20\/revisions\/181"}],"wp:attachment":[{"href":"https:\/\/masterclassic.es\/index.php\/wp-json\/wp\/v2\/media?parent=20"}],"curies":[{"name":"wp","href":"https:\/\/api.w.org\/{rel}","templated":true}]}}