{"id":22,"date":"2026-01-27T19:20:24","date_gmt":"2026-01-27T19:20:24","guid":{"rendered":"https:\/\/masterclassic.es\/?page_id=22"},"modified":"2026-01-31T15:53:26","modified_gmt":"2026-01-31T15:53:26","slug":"mantenimiento-de-coche-en-empuriabrava","status":"publish","type":"page","link":"https:\/\/masterclassic.es\/index.php\/mantenimiento-de-coche-en-empuriabrava\/","title":{"rendered":"REVISIONES Y MANTENIMIENTO"},"content":{"rendered":"\t\t<div data-elementor-type=\"wp-page\" data-elementor-id=\"22\" class=\"elementor elementor-22\" data-elementor-post-type=\"page\">\n\t\t\t\t<div class=\"elementor-element elementor-element-4d88cf29 e-flex e-con-boxed e-con e-parent\" data-id=\"4d88cf29\" data-element_type=\"container\" data-settings=\"{&quot;background_background&quot;:&quot;classic&quot;}\">\n\t\t\t\t\t<div class=\"e-con-inner\">\n\t\t\t\t<div class=\"elementor-element elementor-element-1e3ba9b8 elementor-widget elementor-widget-heading\" data-id=\"1e3ba9b8\" data-element_type=\"widget\" data-widget_type=\"heading.default\">\n\t\t\t\t\t<h1 class=\"elementor-heading-title elementor-size-default\">Mantenimiento de coche en Empuriabrava para un veh\u00edculo seguro<\/h1>\t\t\t\t<\/div>\n\t\t\t\t<div class=\"elementor-element elementor-element-7419541d elementor-widget elementor-widget-text-editor\" data-id=\"7419541d\" data-element_type=\"widget\" data-widget_type=\"text-editor.default\">\n\t\t\t\t\t\t\t\t\t<p data-start=\"2498\" data-end=\"2638\">Realizamos revisiones peri\u00f3dicas para prevenir aver\u00edas y mantener el rendimiento \u00f3ptimo del veh\u00edculo durante todo el a\u00f1o.<\/p>\t\t\t\t\t\t\t\t<\/div>\n\t\t\t\t\t<\/div>\n\t\t\t\t<\/div>\n\t\t<div class=\"elementor-element elementor-element-4d25e04b e-flex e-con-boxed e-con e-parent\" data-id=\"4d25e04b\" data-element_type=\"container\">\n\t\t\t\t\t<div class=\"e-con-inner\">\n\t\t\t\t<div class=\"elementor-element elementor-element-6168eaa8 elementor-widget__width-initial elementor-widget elementor-widget-heading\" data-id=\"6168eaa8\" data-element_type=\"widget\" data-widget_type=\"heading.default\">\n\t\t\t\t\t<h2 class=\"elementor-heading-title elementor-size-default\">Mantenimiento de coche en Empuriabrava para prevenir aver\u00edas costosas<\/h2>\t\t\t\t<\/div>\n\t\t\t\t\t<\/div>\n\t\t\t\t<\/div>\n\t\t<div class=\"elementor-element elementor-element-2d58e57c e-flex e-con-boxed e-con e-parent\" data-id=\"2d58e57c\" data-element_type=\"container\">\n\t\t\t\t\t<div class=\"e-con-inner\">\n\t\t<div class=\"elementor-element elementor-element-6d64afb e-con-full e-flex e-con e-child\" data-id=\"6d64afb\" data-element_type=\"container\">\n\t\t\t\t<div class=\"elementor-element elementor-element-288a0fa0 elementor-widget elementor-widget-image\" data-id=\"288a0fa0\" data-element_type=\"widget\" data-widget_type=\"image.default\">\n\t\t\t\t\t\t\t\t\t\t\t\t\t\t\t<img fetchpriority=\"high\" decoding=\"async\" width=\"800\" height=\"309\" src=\"https:\/\/masterclassic.es\/wp-content\/uploads\/2026\/01\/E6-ServicehandsA_B-1024x395-1.avif\" class=\"attachment-large size-large wp-image-187\" alt=\"\" srcset=\"https:\/\/masterclassic.es\/wp-content\/uploads\/2026\/01\/E6-ServicehandsA_B-1024x395-1.avif 1024w, https:\/\/masterclassic.es\/wp-content\/uploads\/2026\/01\/E6-ServicehandsA_B-1024x395-1-300x116.avif 300w, https:\/\/masterclassic.es\/wp-content\/uploads\/2026\/01\/E6-ServicehandsA_B-1024x395-1-768x296.avif 768w\" sizes=\"(max-width: 800px) 100vw, 800px\" \/>\t\t\t\t\t\t\t\t\t\t\t\t\t\t\t<\/div>\n\t\t\t\t<\/div>\n\t\t<div class=\"elementor-element elementor-element-64816163 e-con-full e-flex e-con e-child\" data-id=\"64816163\" data-element_type=\"container\" data-settings=\"{&quot;background_background&quot;:&quot;classic&quot;}\">\n\t\t\t\t<div class=\"elementor-element elementor-element-2c792954 elementor-widget elementor-widget-text-editor\" data-id=\"2c792954\" data-element_type=\"widget\" data-widget_type=\"text-editor.default\">\n\t\t\t\t\t\t\t\t\t<p data-start=\"2724\" data-end=\"3024\">Incluimos revisi\u00f3n de aceite, filtros, frenos, suspensi\u00f3n y sistemas mec\u00e1nicos principales. Detectar fallos a tiempo reduce gastos futuros y mejora la eficiencia general del veh\u00edculo. Un cuidado constante prolonga la vida \u00fatil del motor y aporta mayor seguridad en cada desplazamiento.<\/p>\t\t\t\t\t\t\t\t<\/div>\n\t\t\t\t<div class=\"elementor-element elementor-element-33b4f170 elementor-widget elementor-widget-text-editor\" data-id=\"33b4f170\" data-element_type=\"widget\" data-widget_type=\"text-editor.default\">\n\t\t\t\t\t\t\t\t\t<ul><li data-start=\"3042\" data-end=\"3073\"><p data-start=\"3044\" data-end=\"3073\">Prevenci\u00f3n de fallos graves<\/p><\/li><li data-start=\"3074\" data-end=\"3106\"><p data-start=\"3076\" data-end=\"3106\">Mayor vida \u00fatil del veh\u00edculo<\/p><\/li><li data-start=\"3107\" data-end=\"3132\"><p data-start=\"3109\" data-end=\"3132\">Conducci\u00f3n m\u00e1s segura<\/p><\/li><li data-start=\"3133\" data-end=\"3159\"><p data-start=\"3135\" data-end=\"3159\">Ahorro en reparaciones<\/p><\/li><li data-start=\"3160\" data-end=\"3190\"><p data-start=\"3162\" data-end=\"3190\">Mejor rendimiento mec\u00e1nico<\/p><\/li><\/ul>\t\t\t\t\t\t\t\t<\/div>\n\t\t\t\t<\/div>\n\t\t\t\t\t<\/div>\n\t\t\t\t<\/div>\n\t\t<div class=\"elementor-element elementor-element-7fae0950 e-flex e-con-boxed e-con e-parent\" data-id=\"7fae0950\" data-element_type=\"container\" data-settings=\"{&quot;background_background&quot;:&quot;gradient&quot;}\">\n\t\t\t\t\t<div class=\"e-con-inner\">\n\t\t<div class=\"elementor-element elementor-element-12c80211 e-con-full e-flex e-con e-child\" data-id=\"12c80211\" data-element_type=\"container\">\n\t\t\t\t<div class=\"elementor-element elementor-element-2e4be6e0 elementor-widget__width-inherit elementor-widget elementor-widget-heading\" data-id=\"2e4be6e0\" data-element_type=\"widget\" data-widget_type=\"heading.default\">\n\t\t\t\t\t<h2 class=\"elementor-heading-title elementor-size-default\">Tu veh\u00edculo merece un servicio experto y sin complicaciones<\/h2>\t\t\t\t<\/div>\n\t\t\t\t<div class=\"elementor-element elementor-element-32cb74cc elementor-widget elementor-widget-text-editor\" data-id=\"32cb74cc\" data-element_type=\"widget\" data-widget_type=\"text-editor.default\">\n\t\t\t\t\t\t\t\t\t<p data-start=\"162\" data-end=\"367\">Agenda tu cita hoy y deja tu coche en manos de profesionales. Diagn\u00f3stico preciso, soluciones claras y un servicio pensado para que vuelvas a conducir con total seguridad y tranquilidad.<\/p>\t\t\t\t\t\t\t\t<\/div>\n\t\t\t\t<\/div>\n\t\t<div class=\"elementor-element elementor-element-4534b584 e-con-full e-flex e-con e-child\" data-id=\"4534b584\" data-element_type=\"container\">\n\t\t\t\t<div class=\"elementor-element elementor-element-72f10ae6 elementor-widget elementor-widget-button\" data-id=\"72f10ae6\" data-element_type=\"widget\" data-widget_type=\"button.default\">\n\t\t\t\t\t\t\t\t\t\t<a class=\"elementor-button elementor-button-link elementor-size-sm\" href=\"https:\/\/wa.me\/34972452004\">\n\t\t\t\t\t\t<span class=\"elementor-button-content-wrapper\">\n\t\t\t\t\t\t\t\t\t<span class=\"elementor-button-text\">\u00a1Cont\u00e1ctanos!<\/span>\n\t\t\t\t\t<\/span>\n\t\t\t\t\t<\/a>\n\t\t\t\t\t\t\t\t<\/div>\n\t\t\t\t<\/div>\n\t\t\t\t\t<\/div>\n\t\t\t\t<\/div>\n\t\t\t\t<\/div>\n\t\t","protected":false},"excerpt":{"rendered":"<p>Mantenimiento de coche en Empuriabrava para un veh\u00edculo seguro Realizamos revisiones peri\u00f3dicas para prevenir aver\u00edas y mantener el rendimiento \u00f3ptimo del veh\u00edculo durante todo el a\u00f1o. Mantenimiento de coche en Empuriabrava para prevenir aver\u00edas costosas Incluimos revisi\u00f3n de aceite, filtros, frenos, suspensi\u00f3n y sistemas mec\u00e1nicos principales. Detectar fallos a tiempo reduce gastos futuros y mejora [&hellip;]<\/p>\n","protected":false},"author":1,"featured_media":0,"parent":0,"menu_order":0,"comment_status":"closed","ping_status":"closed","template":"elementor_header_footer","meta":{"_joinchat":[],"footnotes":""},"class_list":["post-22","page","type-page","status-publish","hentry"],"yoast_head":"<!-- This site is optimized with the Yoast SEO plugin v26.8 - https:\/\/yoast.com\/product\/yoast-seo-wordpress\/ -->\n<title>Mantenimiento de coche en Empuriabrava | Revisiones completas<\/title>\n<meta name=\"description\" content=\"Mantenimiento de coche en Empuriabrava con revisi\u00f3n de sistemas, cambio de aceite, filtros y control general del veh\u00edculo.\" \/>\n<meta name=\"robots\" content=\"index, follow, max-snippet:-1, max-image-preview:large, max-video-preview:-1\" \/>\n<link rel=\"canonical\" href=\"https:\/\/masterclassic.es\/index.php\/mantenimiento-de-coche-en-empuriabrava\/\" \/>\n<meta property=\"og:locale\" content=\"es_ES\" \/>\n<meta property=\"og:type\" content=\"article\" \/>\n<meta property=\"og:title\" content=\"Mantenimiento de coche en Empuriabrava | Revisiones completas\" \/>\n<meta property=\"og:description\" content=\"Mantenimiento de coche en Empuriabrava con revisi\u00f3n de sistemas, cambio de aceite, filtros y control general del veh\u00edculo.\" \/>\n<meta property=\"og:url\" content=\"https:\/\/masterclassic.es\/index.php\/mantenimiento-de-coche-en-empuriabrava\/\" \/>\n<meta property=\"og:site_name\" content=\"Taller mec\u00e1nico master classic\" \/>\n<meta property=\"article:modified_time\" content=\"2026-01-31T15:53:26+00:00\" \/>\n<meta property=\"og:image\" content=\"https:\/\/masterclassic.es\/wp-content\/uploads\/2026\/01\/E6-ServicehandsA_B-1024x395-1.avif\" \/>\n<meta name=\"twitter:card\" content=\"summary_large_image\" \/>\n<meta name=\"twitter:label1\" content=\"Tiempo de lectura\" \/>\n\t<meta name=\"twitter:data1\" content=\"1 minuto\" \/>\n<script type=\"application\/ld+json\" class=\"yoast-schema-graph\">{\"@context\":\"https:\/\/schema.org\",\"@graph\":[{\"@type\":\"WebPage\",\"@id\":\"https:\/\/masterclassic.es\/index.php\/mantenimiento-de-coche-en-empuriabrava\/\",\"url\":\"https:\/\/masterclassic.es\/index.php\/mantenimiento-de-coche-en-empuriabrava\/\",\"name\":\"Mantenimiento de coche en Empuriabrava | Revisiones completas\",\"isPartOf\":{\"@id\":\"https:\/\/masterclassic.es\/#website\"},\"primaryImageOfPage\":{\"@id\":\"https:\/\/masterclassic.es\/index.php\/mantenimiento-de-coche-en-empuriabrava\/#primaryimage\"},\"image\":{\"@id\":\"https:\/\/masterclassic.es\/index.php\/mantenimiento-de-coche-en-empuriabrava\/#primaryimage\"},\"thumbnailUrl\":\"https:\/\/masterclassic.es\/wp-content\/uploads\/2026\/01\/E6-ServicehandsA_B-1024x395-1.avif\",\"datePublished\":\"2026-01-27T19:20:24+00:00\",\"dateModified\":\"2026-01-31T15:53:26+00:00\",\"description\":\"Mantenimiento de coche en Empuriabrava con revisi\u00f3n de sistemas, cambio de aceite, filtros y control general del veh\u00edculo.\",\"breadcrumb\":{\"@id\":\"https:\/\/masterclassic.es\/index.php\/mantenimiento-de-coche-en-empuriabrava\/#breadcrumb\"},\"inLanguage\":\"es\",\"potentialAction\":[{\"@type\":\"ReadAction\",\"target\":[\"https:\/\/masterclassic.es\/index.php\/mantenimiento-de-coche-en-empuriabrava\/\"]}]},{\"@type\":\"ImageObject\",\"inLanguage\":\"es\",\"@id\":\"https:\/\/masterclassic.es\/index.php\/mantenimiento-de-coche-en-empuriabrava\/#primaryimage\",\"url\":\"https:\/\/masterclassic.es\/wp-content\/uploads\/2026\/01\/E6-ServicehandsA_B-1024x395-1.avif\",\"contentUrl\":\"https:\/\/masterclassic.es\/wp-content\/uploads\/2026\/01\/E6-ServicehandsA_B-1024x395-1.avif\",\"width\":1024,\"height\":395},{\"@type\":\"BreadcrumbList\",\"@id\":\"https:\/\/masterclassic.es\/index.php\/mantenimiento-de-coche-en-empuriabrava\/#breadcrumb\",\"itemListElement\":[{\"@type\":\"ListItem\",\"position\":1,\"name\":\"Portada\",\"item\":\"https:\/\/masterclassic.es\/\"},{\"@type\":\"ListItem\",\"position\":2,\"name\":\"REVISIONES Y MANTENIMIENTO\"}]},{\"@type\":\"WebSite\",\"@id\":\"https:\/\/masterclassic.es\/#website\",\"url\":\"https:\/\/masterclassic.es\/\",\"name\":\"Taller mec\u00e1nico master classic\",\"description\":\"\",\"potentialAction\":[{\"@type\":\"SearchAction\",\"target\":{\"@type\":\"EntryPoint\",\"urlTemplate\":\"https:\/\/masterclassic.es\/?s={search_term_string}\"},\"query-input\":{\"@type\":\"PropertyValueSpecification\",\"valueRequired\":true,\"valueName\":\"search_term_string\"}}],\"inLanguage\":\"es\"}]}<\/script>\n<!-- \/ Yoast SEO plugin. -->","yoast_head_json":{"title":"Mantenimiento de coche en Empuriabrava | Revisiones completas","description":"Mantenimiento de coche en Empuriabrava con revisi\u00f3n de sistemas, cambio de aceite, filtros y control general del veh\u00edculo.","robots":{"index":"index","follow":"follow","max-snippet":"max-snippet:-1","max-image-preview":"max-image-preview:large","max-video-preview":"max-video-preview:-1"},"canonical":"https:\/\/masterclassic.es\/index.php\/mantenimiento-de-coche-en-empuriabrava\/","og_locale":"es_ES","og_type":"article","og_title":"Mantenimiento de coche en Empuriabrava | Revisiones completas","og_description":"Mantenimiento de coche en Empuriabrava con revisi\u00f3n de sistemas, cambio de aceite, filtros y control general del veh\u00edculo.","og_url":"https:\/\/masterclassic.es\/index.php\/mantenimiento-de-coche-en-empuriabrava\/","og_site_name":"Taller mec\u00e1nico master classic","article_modified_time":"2026-01-31T15:53:26+00:00","og_image":[{"url":"https:\/\/masterclassic.es\/wp-content\/uploads\/2026\/01\/E6-ServicehandsA_B-1024x395-1.avif","type":"","width":"","height":""}],"twitter_card":"summary_large_image","twitter_misc":{"Tiempo de lectura":"1 minuto"},"schema":{"@context":"https:\/\/schema.org","@graph":[{"@type":"WebPage","@id":"https:\/\/masterclassic.es\/index.php\/mantenimiento-de-coche-en-empuriabrava\/","url":"https:\/\/masterclassic.es\/index.php\/mantenimiento-de-coche-en-empuriabrava\/","name":"Mantenimiento de coche en Empuriabrava | Revisiones completas","isPartOf":{"@id":"https:\/\/masterclassic.es\/#website"},"primaryImageOfPage":{"@id":"https:\/\/masterclassic.es\/index.php\/mantenimiento-de-coche-en-empuriabrava\/#primaryimage"},"image":{"@id":"https:\/\/masterclassic.es\/index.php\/mantenimiento-de-coche-en-empuriabrava\/#primaryimage"},"thumbnailUrl":"https:\/\/masterclassic.es\/wp-content\/uploads\/2026\/01\/E6-ServicehandsA_B-1024x395-1.avif","datePublished":"2026-01-27T19:20:24+00:00","dateModified":"2026-01-31T15:53:26+00:00","description":"Mantenimiento de coche en Empuriabrava con revisi\u00f3n de sistemas, cambio de aceite, filtros y control general del veh\u00edculo.","breadcrumb":{"@id":"https:\/\/masterclassic.es\/index.php\/mantenimiento-de-coche-en-empuriabrava\/#breadcrumb"},"inLanguage":"es","potentialAction":[{"@type":"ReadAction","target":["https:\/\/masterclassic.es\/index.php\/mantenimiento-de-coche-en-empuriabrava\/"]}]},{"@type":"ImageObject","inLanguage":"es","@id":"https:\/\/masterclassic.es\/index.php\/mantenimiento-de-coche-en-empuriabrava\/#primaryimage","url":"https:\/\/masterclassic.es\/wp-content\/uploads\/2026\/01\/E6-ServicehandsA_B-1024x395-1.avif","contentUrl":"https:\/\/masterclassic.es\/wp-content\/uploads\/2026\/01\/E6-ServicehandsA_B-1024x395-1.avif","width":1024,"height":395},{"@type":"BreadcrumbList","@id":"https:\/\/masterclassic.es\/index.php\/mantenimiento-de-coche-en-empuriabrava\/#breadcrumb","itemListElement":[{"@type":"ListItem","position":1,"name":"Portada","item":"https:\/\/masterclassic.es\/"},{"@type":"ListItem","position":2,"name":"REVISIONES Y MANTENIMIENTO"}]},{"@type":"WebSite","@id":"https:\/\/masterclassic.es\/#website","url":"https:\/\/masterclassic.es\/","name":"Taller mec\u00e1nico master classic","description":"","potentialAction":[{"@type":"SearchAction","target":{"@type":"EntryPoint","urlTemplate":"https:\/\/masterclassic.es\/?s={search_term_string}"},"query-input":{"@type":"PropertyValueSpecification","valueRequired":true,"valueName":"search_term_string"}}],"inLanguage":"es"}]}},"_links":{"self":[{"href":"https:\/\/masterclassic.es\/index.php\/wp-json\/wp\/v2\/pages\/22","targetHints":{"allow":["GET"]}}],"collection":[{"href":"https:\/\/masterclassic.es\/index.php\/wp-json\/wp\/v2\/pages"}],"about":[{"href":"https:\/\/masterclassic.es\/index.php\/wp-json\/wp\/v2\/types\/page"}],"author":[{"embeddable":true,"href":"https:\/\/masterclassic.es\/index.php\/wp-json\/wp\/v2\/users\/1"}],"replies":[{"embeddable":true,"href":"https:\/\/masterclassic.es\/index.php\/wp-json\/wp\/v2\/comments?post=22"}],"version-history":[{"count":4,"href":"https:\/\/masterclassic.es\/index.php\/wp-json\/wp\/v2\/pages\/22\/revisions"}],"predecessor-version":[{"id":190,"href":"https:\/\/masterclassic.es\/index.php\/wp-json\/wp\/v2\/pages\/22\/revisions\/190"}],"wp:attachment":[{"href":"https:\/\/masterclassic.es\/index.php\/wp-json\/wp\/v2\/media?parent=22"}],"curies":[{"name":"wp","href":"https:\/\/api.w.org\/{rel}","templated":true}]}}