{"id":28,"date":"2026-01-27T19:28:49","date_gmt":"2026-01-27T19:28:49","guid":{"rendered":"https:\/\/masterclassic.es\/?page_id=28"},"modified":"2026-01-31T16:24:53","modified_gmt":"2026-01-31T16:24:53","slug":"reparacion-de-caja-de-cambios-en-empuriabrava","status":"publish","type":"page","link":"https:\/\/masterclassic.es\/index.php\/reparacion-de-caja-de-cambios-en-empuriabrava\/","title":{"rendered":"CAMBIO DE MARCHAS"},"content":{"rendered":"\t\t<div data-elementor-type=\"wp-page\" data-elementor-id=\"28\" class=\"elementor elementor-28\" data-elementor-post-type=\"page\">\n\t\t\t\t<div class=\"elementor-element elementor-element-1881e988 e-flex e-con-boxed e-con e-parent\" data-id=\"1881e988\" data-element_type=\"container\" data-settings=\"{&quot;background_background&quot;:&quot;classic&quot;}\">\n\t\t\t\t\t<div class=\"e-con-inner\">\n\t\t\t\t<div class=\"elementor-element elementor-element-45dd8c5f elementor-widget elementor-widget-heading\" data-id=\"45dd8c5f\" data-element_type=\"widget\" data-widget_type=\"heading.default\">\n\t\t\t\t\t<h1 class=\"elementor-heading-title elementor-size-default\">Reparaci\u00f3n de caja de cambios en Empuriabrava con diagn\u00f3stico experto<\/h1>\t\t\t\t<\/div>\n\t\t\t\t<div class=\"elementor-element elementor-element-671a88f3 elementor-widget elementor-widget-text-editor\" data-id=\"671a88f3\" data-element_type=\"widget\" data-widget_type=\"text-editor.default\">\n\t\t\t\t\t\t\t\t\t<p data-start=\"4995\" data-end=\"5104\">Solucionamos dificultades al engranar marchas, ruidos internos y fallos en la transmisi\u00f3n.<\/p>\t\t\t\t\t\t\t\t<\/div>\n\t\t\t\t\t<\/div>\n\t\t\t\t<\/div>\n\t\t<div class=\"elementor-element elementor-element-161711b9 e-flex e-con-boxed e-con e-parent\" data-id=\"161711b9\" data-element_type=\"container\">\n\t\t\t\t\t<div class=\"e-con-inner\">\n\t\t\t\t<div class=\"elementor-element elementor-element-3b21c0ca elementor-widget__width-initial elementor-widget elementor-widget-heading\" data-id=\"3b21c0ca\" data-element_type=\"widget\" data-widget_type=\"heading.default\">\n\t\t\t\t\t<h2 class=\"elementor-heading-title elementor-size-default\">Reparaci\u00f3n de caja de cambios en Empuriabrava para una transmisi\u00f3n eficiente<\/h2>\t\t\t\t<\/div>\n\t\t\t\t\t<\/div>\n\t\t\t\t<\/div>\n\t\t<div class=\"elementor-element elementor-element-3de98f9c e-flex e-con-boxed e-con e-parent\" data-id=\"3de98f9c\" data-element_type=\"container\">\n\t\t\t\t\t<div class=\"e-con-inner\">\n\t\t<div class=\"elementor-element elementor-element-37033bc0 e-con-full e-flex e-con e-child\" data-id=\"37033bc0\" data-element_type=\"container\">\n\t\t\t\t<div class=\"elementor-element elementor-element-2c34f91 elementor-widget elementor-widget-image\" data-id=\"2c34f91\" data-element_type=\"widget\" data-widget_type=\"image.default\">\n\t\t\t\t\t\t\t\t\t\t\t\t\t\t\t<img fetchpriority=\"high\" decoding=\"async\" width=\"800\" height=\"600\" src=\"https:\/\/masterclassic.es\/wp-content\/uploads\/2026\/01\/transmission-repair-rebuild-operation-mechanic-1400w-1024x768.jpg\" class=\"attachment-large size-large wp-image-184\" alt=\"\" srcset=\"https:\/\/masterclassic.es\/wp-content\/uploads\/2026\/01\/transmission-repair-rebuild-operation-mechanic-1400w-1024x768.jpg 1024w, https:\/\/masterclassic.es\/wp-content\/uploads\/2026\/01\/transmission-repair-rebuild-operation-mechanic-1400w-300x225.jpg 300w, https:\/\/masterclassic.es\/wp-content\/uploads\/2026\/01\/transmission-repair-rebuild-operation-mechanic-1400w-768x576.jpg 768w, https:\/\/masterclassic.es\/wp-content\/uploads\/2026\/01\/transmission-repair-rebuild-operation-mechanic-1400w.jpg 1400w\" sizes=\"(max-width: 800px) 100vw, 800px\" \/>\t\t\t\t\t\t\t\t\t\t\t\t\t\t\t<\/div>\n\t\t\t\t<\/div>\n\t\t<div class=\"elementor-element elementor-element-51318293 e-con-full e-flex e-con e-child\" data-id=\"51318293\" data-element_type=\"container\" data-settings=\"{&quot;background_background&quot;:&quot;classic&quot;}\">\n\t\t\t\t<div class=\"elementor-element elementor-element-7a40172 elementor-widget elementor-widget-text-editor\" data-id=\"7a40172\" data-element_type=\"widget\" data-widget_type=\"text-editor.default\">\n\t\t\t\t\t\t\t\t\t<p data-start=\"1028\" data-end=\"1601\">Revisamos en profundidad la transmisi\u00f3n para detectar fallos en engranajes, sincronizadores, rodamientos y dem\u00e1s componentes internos que puedan afectar el funcionamiento del veh\u00edculo. Trabajamos tanto con sistemas manuales como autom\u00e1ticos, realizando ajustes, sustituciones de piezas y pruebas de funcionamiento. Una caja de cambios en buen estado permite una conducci\u00f3n m\u00e1s suave, mejora el rendimiento general del coche y reduce el esfuerzo del motor. Detectar el problema a tiempo evita aver\u00edas mayores y reparaciones m\u00e1s costosas en el futuro.<\/p>\t\t\t\t\t\t\t\t<\/div>\n\t\t\t\t<div class=\"elementor-element elementor-element-6fafac96 elementor-widget elementor-widget-text-editor\" data-id=\"6fafac96\" data-element_type=\"widget\" data-widget_type=\"text-editor.default\">\n\t\t\t\t\t\t\t\t\t<ul><li data-start=\"5426\" data-end=\"5453\"><p data-start=\"5428\" data-end=\"5453\">Diagn\u00f3stico profesional<\/p><\/li><li data-start=\"5454\" data-end=\"5476\"><p data-start=\"5456\" data-end=\"5476\">Reparaci\u00f3n precisa<\/p><\/li><li data-start=\"5477\" data-end=\"5498\"><p data-start=\"5479\" data-end=\"5498\">Mayor durabilidad<\/p><\/li><li data-start=\"5499\" data-end=\"5533\"><p data-start=\"5501\" data-end=\"5533\">Mejor rendimiento del veh\u00edculo<\/p><\/li><li data-start=\"5534\" data-end=\"5565\"><p data-start=\"5536\" data-end=\"5565\">Prevenci\u00f3n de da\u00f1os mayores<\/p><\/li><\/ul>\t\t\t\t\t\t\t\t<\/div>\n\t\t\t\t<\/div>\n\t\t\t\t\t<\/div>\n\t\t\t\t<\/div>\n\t\t<div class=\"elementor-element elementor-element-6fa1c1a7 e-flex e-con-boxed e-con e-parent\" data-id=\"6fa1c1a7\" data-element_type=\"container\" data-settings=\"{&quot;background_background&quot;:&quot;gradient&quot;}\">\n\t\t\t\t\t<div class=\"e-con-inner\">\n\t\t<div class=\"elementor-element elementor-element-59ced2b4 e-con-full e-flex e-con e-child\" data-id=\"59ced2b4\" data-element_type=\"container\">\n\t\t\t\t<div class=\"elementor-element elementor-element-28c1ae07 elementor-widget__width-inherit elementor-widget elementor-widget-heading\" data-id=\"28c1ae07\" data-element_type=\"widget\" data-widget_type=\"heading.default\">\n\t\t\t\t\t<h2 class=\"elementor-heading-title elementor-size-default\">Tu veh\u00edculo merece un servicio experto y sin complicaciones<\/h2>\t\t\t\t<\/div>\n\t\t\t\t<div class=\"elementor-element elementor-element-1ee69a53 elementor-widget elementor-widget-text-editor\" data-id=\"1ee69a53\" data-element_type=\"widget\" data-widget_type=\"text-editor.default\">\n\t\t\t\t\t\t\t\t\t<p data-start=\"162\" data-end=\"367\">Agenda tu cita hoy y deja tu coche en manos de profesionales. Diagn\u00f3stico preciso, soluciones claras y un servicio pensado para que vuelvas a conducir con total seguridad y tranquilidad.<\/p>\t\t\t\t\t\t\t\t<\/div>\n\t\t\t\t<\/div>\n\t\t<div class=\"elementor-element elementor-element-d785c8a e-con-full e-flex e-con e-child\" data-id=\"d785c8a\" data-element_type=\"container\">\n\t\t\t\t<div class=\"elementor-element elementor-element-150549fe elementor-widget elementor-widget-button\" data-id=\"150549fe\" data-element_type=\"widget\" data-widget_type=\"button.default\">\n\t\t\t\t\t\t\t\t\t\t<a class=\"elementor-button elementor-button-link elementor-size-sm\" href=\"https:\/\/wa.me\/34972452004\">\n\t\t\t\t\t\t<span class=\"elementor-button-content-wrapper\">\n\t\t\t\t\t\t\t\t\t<span class=\"elementor-button-text\">\u00a1Cont\u00e1ctanos!<\/span>\n\t\t\t\t\t<\/span>\n\t\t\t\t\t<\/a>\n\t\t\t\t\t\t\t\t<\/div>\n\t\t\t\t<\/div>\n\t\t\t\t\t<\/div>\n\t\t\t\t<\/div>\n\t\t\t\t<\/div>\n\t\t","protected":false},"excerpt":{"rendered":"<p>Reparaci\u00f3n de caja de cambios en Empuriabrava con diagn\u00f3stico experto Solucionamos dificultades al engranar marchas, ruidos internos y fallos en la transmisi\u00f3n. Reparaci\u00f3n de caja de cambios en Empuriabrava para una transmisi\u00f3n eficiente Revisamos en profundidad la transmisi\u00f3n para detectar fallos en engranajes, sincronizadores, rodamientos y dem\u00e1s componentes internos que puedan afectar el funcionamiento del [&hellip;]<\/p>\n","protected":false},"author":1,"featured_media":0,"parent":0,"menu_order":0,"comment_status":"closed","ping_status":"closed","template":"elementor_header_footer","meta":{"_joinchat":[],"footnotes":""},"class_list":["post-28","page","type-page","status-publish","hentry"],"yoast_head":"<!-- This site is optimized with the Yoast SEO plugin v26.8 - https:\/\/yoast.com\/product\/yoast-seo-wordpress\/ -->\n<title>Reparaci\u00f3n de caja de cambios en Empuriabrava<\/title>\n<meta name=\"description\" content=\"Reparaci\u00f3n de caja de cambios en Empuriabrava, soluci\u00f3n de fallos en transmisi\u00f3n manual y autom\u00e1tica. Cont\u00e1ctanos.\" \/>\n<meta name=\"robots\" content=\"index, follow, max-snippet:-1, max-image-preview:large, max-video-preview:-1\" \/>\n<link rel=\"canonical\" href=\"https:\/\/masterclassic.es\/index.php\/reparacion-de-caja-de-cambios-en-empuriabrava\/\" \/>\n<meta property=\"og:locale\" content=\"es_ES\" \/>\n<meta property=\"og:type\" content=\"article\" \/>\n<meta property=\"og:title\" content=\"Reparaci\u00f3n de caja de cambios en Empuriabrava\" \/>\n<meta property=\"og:description\" content=\"Reparaci\u00f3n de caja de cambios en Empuriabrava, soluci\u00f3n de fallos en transmisi\u00f3n manual y autom\u00e1tica. Cont\u00e1ctanos.\" \/>\n<meta property=\"og:url\" content=\"https:\/\/masterclassic.es\/index.php\/reparacion-de-caja-de-cambios-en-empuriabrava\/\" \/>\n<meta property=\"og:site_name\" content=\"Taller mec\u00e1nico master classic\" \/>\n<meta property=\"article:modified_time\" content=\"2026-01-31T16:24:53+00:00\" \/>\n<meta property=\"og:image\" content=\"https:\/\/masterclassic.es\/wp-content\/uploads\/2026\/01\/transmission-repair-rebuild-operation-mechanic-1400w-1024x768.jpg\" \/>\n<meta name=\"twitter:card\" content=\"summary_large_image\" \/>\n<meta name=\"twitter:label1\" content=\"Tiempo de lectura\" \/>\n\t<meta name=\"twitter:data1\" content=\"1 minuto\" \/>\n<script type=\"application\/ld+json\" class=\"yoast-schema-graph\">{\"@context\":\"https:\/\/schema.org\",\"@graph\":[{\"@type\":\"WebPage\",\"@id\":\"https:\/\/masterclassic.es\/index.php\/reparacion-de-caja-de-cambios-en-empuriabrava\/\",\"url\":\"https:\/\/masterclassic.es\/index.php\/reparacion-de-caja-de-cambios-en-empuriabrava\/\",\"name\":\"Reparaci\u00f3n de caja de cambios en Empuriabrava\",\"isPartOf\":{\"@id\":\"https:\/\/masterclassic.es\/#website\"},\"primaryImageOfPage\":{\"@id\":\"https:\/\/masterclassic.es\/index.php\/reparacion-de-caja-de-cambios-en-empuriabrava\/#primaryimage\"},\"image\":{\"@id\":\"https:\/\/masterclassic.es\/index.php\/reparacion-de-caja-de-cambios-en-empuriabrava\/#primaryimage\"},\"thumbnailUrl\":\"https:\/\/masterclassic.es\/wp-content\/uploads\/2026\/01\/transmission-repair-rebuild-operation-mechanic-1400w-1024x768.jpg\",\"datePublished\":\"2026-01-27T19:28:49+00:00\",\"dateModified\":\"2026-01-31T16:24:53+00:00\",\"description\":\"Reparaci\u00f3n de caja de cambios en Empuriabrava, soluci\u00f3n de fallos en transmisi\u00f3n manual y autom\u00e1tica. Cont\u00e1ctanos.\",\"breadcrumb\":{\"@id\":\"https:\/\/masterclassic.es\/index.php\/reparacion-de-caja-de-cambios-en-empuriabrava\/#breadcrumb\"},\"inLanguage\":\"es\",\"potentialAction\":[{\"@type\":\"ReadAction\",\"target\":[\"https:\/\/masterclassic.es\/index.php\/reparacion-de-caja-de-cambios-en-empuriabrava\/\"]}]},{\"@type\":\"ImageObject\",\"inLanguage\":\"es\",\"@id\":\"https:\/\/masterclassic.es\/index.php\/reparacion-de-caja-de-cambios-en-empuriabrava\/#primaryimage\",\"url\":\"https:\/\/masterclassic.es\/wp-content\/uploads\/2026\/01\/transmission-repair-rebuild-operation-mechanic-1400w.jpg\",\"contentUrl\":\"https:\/\/masterclassic.es\/wp-content\/uploads\/2026\/01\/transmission-repair-rebuild-operation-mechanic-1400w.jpg\",\"width\":1400,\"height\":1050},{\"@type\":\"BreadcrumbList\",\"@id\":\"https:\/\/masterclassic.es\/index.php\/reparacion-de-caja-de-cambios-en-empuriabrava\/#breadcrumb\",\"itemListElement\":[{\"@type\":\"ListItem\",\"position\":1,\"name\":\"Portada\",\"item\":\"https:\/\/masterclassic.es\/\"},{\"@type\":\"ListItem\",\"position\":2,\"name\":\"CAMBIO DE MARCHAS\"}]},{\"@type\":\"WebSite\",\"@id\":\"https:\/\/masterclassic.es\/#website\",\"url\":\"https:\/\/masterclassic.es\/\",\"name\":\"Taller mec\u00e1nico master classic\",\"description\":\"\",\"potentialAction\":[{\"@type\":\"SearchAction\",\"target\":{\"@type\":\"EntryPoint\",\"urlTemplate\":\"https:\/\/masterclassic.es\/?s={search_term_string}\"},\"query-input\":{\"@type\":\"PropertyValueSpecification\",\"valueRequired\":true,\"valueName\":\"search_term_string\"}}],\"inLanguage\":\"es\"}]}<\/script>\n<!-- \/ Yoast SEO plugin. -->","yoast_head_json":{"title":"Reparaci\u00f3n de caja de cambios en Empuriabrava","description":"Reparaci\u00f3n de caja de cambios en Empuriabrava, soluci\u00f3n de fallos en transmisi\u00f3n manual y autom\u00e1tica. Cont\u00e1ctanos.","robots":{"index":"index","follow":"follow","max-snippet":"max-snippet:-1","max-image-preview":"max-image-preview:large","max-video-preview":"max-video-preview:-1"},"canonical":"https:\/\/masterclassic.es\/index.php\/reparacion-de-caja-de-cambios-en-empuriabrava\/","og_locale":"es_ES","og_type":"article","og_title":"Reparaci\u00f3n de caja de cambios en Empuriabrava","og_description":"Reparaci\u00f3n de caja de cambios en Empuriabrava, soluci\u00f3n de fallos en transmisi\u00f3n manual y autom\u00e1tica. Cont\u00e1ctanos.","og_url":"https:\/\/masterclassic.es\/index.php\/reparacion-de-caja-de-cambios-en-empuriabrava\/","og_site_name":"Taller mec\u00e1nico master classic","article_modified_time":"2026-01-31T16:24:53+00:00","og_image":[{"url":"https:\/\/masterclassic.es\/wp-content\/uploads\/2026\/01\/transmission-repair-rebuild-operation-mechanic-1400w-1024x768.jpg","type":"","width":"","height":""}],"twitter_card":"summary_large_image","twitter_misc":{"Tiempo de lectura":"1 minuto"},"schema":{"@context":"https:\/\/schema.org","@graph":[{"@type":"WebPage","@id":"https:\/\/masterclassic.es\/index.php\/reparacion-de-caja-de-cambios-en-empuriabrava\/","url":"https:\/\/masterclassic.es\/index.php\/reparacion-de-caja-de-cambios-en-empuriabrava\/","name":"Reparaci\u00f3n de caja de cambios en Empuriabrava","isPartOf":{"@id":"https:\/\/masterclassic.es\/#website"},"primaryImageOfPage":{"@id":"https:\/\/masterclassic.es\/index.php\/reparacion-de-caja-de-cambios-en-empuriabrava\/#primaryimage"},"image":{"@id":"https:\/\/masterclassic.es\/index.php\/reparacion-de-caja-de-cambios-en-empuriabrava\/#primaryimage"},"thumbnailUrl":"https:\/\/masterclassic.es\/wp-content\/uploads\/2026\/01\/transmission-repair-rebuild-operation-mechanic-1400w-1024x768.jpg","datePublished":"2026-01-27T19:28:49+00:00","dateModified":"2026-01-31T16:24:53+00:00","description":"Reparaci\u00f3n de caja de cambios en Empuriabrava, soluci\u00f3n de fallos en transmisi\u00f3n manual y autom\u00e1tica. Cont\u00e1ctanos.","breadcrumb":{"@id":"https:\/\/masterclassic.es\/index.php\/reparacion-de-caja-de-cambios-en-empuriabrava\/#breadcrumb"},"inLanguage":"es","potentialAction":[{"@type":"ReadAction","target":["https:\/\/masterclassic.es\/index.php\/reparacion-de-caja-de-cambios-en-empuriabrava\/"]}]},{"@type":"ImageObject","inLanguage":"es","@id":"https:\/\/masterclassic.es\/index.php\/reparacion-de-caja-de-cambios-en-empuriabrava\/#primaryimage","url":"https:\/\/masterclassic.es\/wp-content\/uploads\/2026\/01\/transmission-repair-rebuild-operation-mechanic-1400w.jpg","contentUrl":"https:\/\/masterclassic.es\/wp-content\/uploads\/2026\/01\/transmission-repair-rebuild-operation-mechanic-1400w.jpg","width":1400,"height":1050},{"@type":"BreadcrumbList","@id":"https:\/\/masterclassic.es\/index.php\/reparacion-de-caja-de-cambios-en-empuriabrava\/#breadcrumb","itemListElement":[{"@type":"ListItem","position":1,"name":"Portada","item":"https:\/\/masterclassic.es\/"},{"@type":"ListItem","position":2,"name":"CAMBIO DE MARCHAS"}]},{"@type":"WebSite","@id":"https:\/\/masterclassic.es\/#website","url":"https:\/\/masterclassic.es\/","name":"Taller mec\u00e1nico master classic","description":"","potentialAction":[{"@type":"SearchAction","target":{"@type":"EntryPoint","urlTemplate":"https:\/\/masterclassic.es\/?s={search_term_string}"},"query-input":{"@type":"PropertyValueSpecification","valueRequired":true,"valueName":"search_term_string"}}],"inLanguage":"es"}]}},"_links":{"self":[{"href":"https:\/\/masterclassic.es\/index.php\/wp-json\/wp\/v2\/pages\/28","targetHints":{"allow":["GET"]}}],"collection":[{"href":"https:\/\/masterclassic.es\/index.php\/wp-json\/wp\/v2\/pages"}],"about":[{"href":"https:\/\/masterclassic.es\/index.php\/wp-json\/wp\/v2\/types\/page"}],"author":[{"embeddable":true,"href":"https:\/\/masterclassic.es\/index.php\/wp-json\/wp\/v2\/users\/1"}],"replies":[{"embeddable":true,"href":"https:\/\/masterclassic.es\/index.php\/wp-json\/wp\/v2\/comments?post=28"}],"version-history":[{"count":7,"href":"https:\/\/masterclassic.es\/index.php\/wp-json\/wp\/v2\/pages\/28\/revisions"}],"predecessor-version":[{"id":220,"href":"https:\/\/masterclassic.es\/index.php\/wp-json\/wp\/v2\/pages\/28\/revisions\/220"}],"wp:attachment":[{"href":"https:\/\/masterclassic.es\/index.php\/wp-json\/wp\/v2\/media?parent=28"}],"curies":[{"name":"wp","href":"https:\/\/api.w.org\/{rel}","templated":true}]}}